{"id":10,"date":"2021-01-08T18:40:06","date_gmt":"2021-01-08T18:40:06","guid":{"rendered":"http:\/\/fiesp.saganet.com.mx\/wordpress\/?page_id=10"},"modified":"2023-05-26T20:12:36","modified_gmt":"2023-05-27T02:12:36","slug":"contacto","status":"publish","type":"page","link":"https:\/\/fiesp.org.mx\/?page_id=10","title":{"rendered":"Contacto"},"content":{"rendered":"\t\t<div data-elementor-type=\"wp-page\" data-elementor-id=\"10\" class=\"elementor elementor-10\" data-elementor-post-type=\"page\">\n\t\t\t\t\t\t<section class=\"elementor-section elementor-top-section elementor-element elementor-element-ef0695f elementor-section-height-min-height elementor-section-boxed elementor-section-height-default elementor-section-items-middle\" data-id=\"ef0695f\" data-element_type=\"section\" data-settings=\"{&quot;background_background&quot;:&quot;slideshow&quot;,&quot;background_slideshow_gallery&quot;:[{&quot;id&quot;:221,&quot;url&quot;:&quot;http:\\\/\\\/fiesp.org.mx\\\/wordpress\\\/wp-content\\\/uploads\\\/2021\\\/01\\\/001-13-1.jpg&quot;}],&quot;background_slideshow_loop&quot;:&quot;yes&quot;,&quot;background_slideshow_slide_duration&quot;:5000,&quot;background_slideshow_slide_transition&quot;:&quot;fade&quot;,&quot;background_slideshow_transition_duration&quot;:500}\">\n\t\t\t\t\t\t<div class=\"elementor-container elementor-column-gap-default\">\n\t\t\t\t\t<div class=\"elementor-column elementor-col-100 elementor-top-column elementor-element elementor-element-08f1b81\" data-id=\"08f1b81\" data-element_type=\"column\">\n\t\t\t<div class=\"elementor-widget-wrap elementor-element-populated\">\n\t\t\t\t\t\t<div class=\"elementor-element elementor-element-1a57ca0 elementor-widget elementor-widget-heading\" data-id=\"1a57ca0\" data-element_type=\"widget\" data-widget_type=\"heading.default\">\n\t\t\t\t<div class=\"elementor-widget-container\">\n\t\t\t\t\t<h2 class=\"elementor-heading-title elementor-size-default\">Comun\u00edcate con nosotros<\/h2>\t\t\t\t<\/div>\n\t\t\t\t<\/div>\n\t\t\t\t\t<\/div>\n\t\t<\/div>\n\t\t\t\t\t<\/div>\n\t\t<\/section>\n\t\t\t\t<section class=\"elementor-section elementor-top-section elementor-element elementor-element-cc10f73 elementor-section-boxed elementor-section-height-default elementor-section-height-default\" data-id=\"cc10f73\" data-element_type=\"section\" data-settings=\"{&quot;background_background&quot;:&quot;classic&quot;}\">\n\t\t\t\t\t\t<div class=\"elementor-container elementor-column-gap-wide\">\n\t\t\t\t\t<div class=\"elementor-column elementor-col-50 elementor-top-column elementor-element elementor-element-72cb209\" data-id=\"72cb209\" data-element_type=\"column\">\n\t\t\t<div class=\"elementor-widget-wrap elementor-element-populated\">\n\t\t\t\t\t\t<div class=\"elementor-element elementor-element-d812be3 elementor-widget elementor-widget-heading\" data-id=\"d812be3\" data-element_type=\"widget\" data-widget_type=\"heading.default\">\n\t\t\t\t<div class=\"elementor-widget-container\">\n\t\t\t\t\t<h2 class=\"elementor-heading-title elementor-size-default\">\u00a1Ven a visitarnos!<\/h2>\t\t\t\t<\/div>\n\t\t\t\t<\/div>\n\t\t\t\t<div class=\"elementor-element elementor-element-341eb92 elementor-widget elementor-widget-text-editor\" data-id=\"341eb92\" data-element_type=\"widget\" data-widget_type=\"text-editor.default\">\n\t\t\t\t<div class=\"elementor-widget-container\">\n\t\t\t\t\t\t\t\t\t<p>Nos encanta recibir a nuestra comunidad, as\u00ed que ven en cualquier momento durante las horas de servicio.<\/p>\t\t\t\t\t\t\t\t<\/div>\n\t\t\t\t<\/div>\n\t\t\t\t<div class=\"elementor-element elementor-element-b17b949 elementor-widget-divider--view-line elementor-widget elementor-widget-divider\" data-id=\"b17b949\" data-element_type=\"widget\" data-widget_type=\"divider.default\">\n\t\t\t\t<div class=\"elementor-widget-container\">\n\t\t\t\t\t\t\t<div class=\"elementor-divider\">\n\t\t\t<span class=\"elementor-divider-separator\">\n\t\t\t\t\t\t<\/span>\n\t\t<\/div>\n\t\t\t\t\t\t<\/div>\n\t\t\t\t<\/div>\n\t\t\t\t<div class=\"elementor-element elementor-element-0b1dd9c elementor-widget elementor-widget-heading\" data-id=\"0b1dd9c\" data-element_type=\"widget\" data-widget_type=\"heading.default\">\n\t\t\t\t<div class=\"elementor-widget-container\">\n\t\t\t\t\t<h4 class=\"elementor-heading-title elementor-size-default\">Fundaci\u00f3n para la Investigaci\u00f3n y Educaci\u00f3n en Salud P\u00fablica A.C.<\/h4>\t\t\t\t<\/div>\n\t\t\t\t<\/div>\n\t\t\t\t<div class=\"elementor-element elementor-element-3efe163 elementor-widget elementor-widget-text-editor\" data-id=\"3efe163\" data-element_type=\"widget\" data-widget_type=\"text-editor.default\">\n\t\t\t\t<div class=\"elementor-widget-container\">\n\t\t\t\t\t\t\t\t\t<p>Av. Paseo de la Reforma 1110, Lomas de Chapultepec VI Secc., Miguel Hidalgo, 11000 Ciudad de M\u00e9xico, CDMX<\/p><p>Horario:<\/p><p>Lunes a Viernes\u00a0 07:00 am a 08:00 pm.<\/p><p>S\u00e1bados\u00a0 08:00 am a 06:00 pm.<\/p>\t\t\t\t\t\t\t\t<\/div>\n\t\t\t\t<\/div>\n\t\t\t\t<div class=\"elementor-element elementor-element-588e18f elementor-widget-divider--view-line elementor-widget elementor-widget-divider\" data-id=\"588e18f\" data-element_type=\"widget\" data-widget_type=\"divider.default\">\n\t\t\t\t<div class=\"elementor-widget-container\">\n\t\t\t\t\t\t\t<div class=\"elementor-divider\">\n\t\t\t<span class=\"elementor-divider-separator\">\n\t\t\t\t\t\t<\/span>\n\t\t<\/div>\n\t\t\t\t\t\t<\/div>\n\t\t\t\t<\/div>\n\t\t\t\t<div class=\"elementor-element elementor-element-ab4c405 elementor-widget elementor-widget-heading\" data-id=\"ab4c405\" data-element_type=\"widget\" data-widget_type=\"heading.default\">\n\t\t\t\t<div class=\"elementor-widget-container\">\n\t\t\t\t\t<h4 class=\"elementor-heading-title elementor-size-default\">contacto@fiesp.org.mx<\/h4>\t\t\t\t<\/div>\n\t\t\t\t<\/div>\n\t\t\t\t<div class=\"elementor-element elementor-element-a2750b8 elementor-widget-divider--view-line elementor-widget elementor-widget-divider\" data-id=\"a2750b8\" data-element_type=\"widget\" data-widget_type=\"divider.default\">\n\t\t\t\t<div class=\"elementor-widget-container\">\n\t\t\t\t\t\t\t<div class=\"elementor-divider\">\n\t\t\t<span class=\"elementor-divider-separator\">\n\t\t\t\t\t\t<\/span>\n\t\t<\/div>\n\t\t\t\t\t\t<\/div>\n\t\t\t\t<\/div>\n\t\t\t\t<div class=\"elementor-element elementor-element-9719979 elementor-widget elementor-widget-heading\" data-id=\"9719979\" data-element_type=\"widget\" data-widget_type=\"heading.default\">\n\t\t\t\t<div class=\"elementor-widget-container\">\n\t\t\t\t\t<h4 class=\"elementor-heading-title elementor-size-default\">Escr\u00edbenos en WhatsApp<\/h4>\t\t\t\t<\/div>\n\t\t\t\t<\/div>\n\t\t\t\t<div class=\"elementor-element elementor-element-4f9d15eb elementor-shape-rounded elementor-grid-0 e-grid-align-center elementor-widget elementor-widget-social-icons\" data-id=\"4f9d15eb\" data-element_type=\"widget\" data-widget_type=\"social-icons.default\">\n\t\t\t\t<div class=\"elementor-widget-container\">\n\t\t\t\t\t\t\t<div class=\"elementor-social-icons-wrapper elementor-grid\">\n\t\t\t\t\t\t\t<span class=\"elementor-grid-item\">\n\t\t\t\t\t<a class=\"elementor-icon elementor-social-icon elementor-social-icon-whatsapp elementor-animation-grow elementor-repeater-item-9c86cde\" href=\"https:\/\/wa.me\/525528627015\" target=\"_blank\">\n\t\t\t\t\t\t<span class=\"elementor-screen-only\">Whatsapp<\/span>\n\t\t\t\t\t\t<i aria-hidden=\"true\" class=\"fab fa-whatsapp\"><\/i>\t\t\t\t\t<\/a>\n\t\t\t\t<\/span>\n\t\t\t\t\t<\/div>\n\t\t\t\t\t\t<\/div>\n\t\t\t\t<\/div>\n\t\t\t\t\t<\/div>\n\t\t<\/div>\n\t\t\t\t<div class=\"elementor-column elementor-col-50 elementor-top-column elementor-element elementor-element-3d42469\" data-id=\"3d42469\" data-element_type=\"column\">\n\t\t\t<div class=\"elementor-widget-wrap elementor-element-populated\">\n\t\t\t\t\t\t<div class=\"elementor-element elementor-element-c31ff0f eael-contact-form-7-button-full-width elementor-widget elementor-widget-eael-contact-form-7\" data-id=\"c31ff0f\" data-element_type=\"widget\" data-widget_type=\"eael-contact-form-7.default\">\n\t\t\t\t<div class=\"elementor-widget-container\">\n\t\t\t\t\t<div class=\"eael-contact-form-7-wrapper\">\n                <div class=\"eael-contact-form eael-contact-form-7 eael-contact-form-c31ff0f eael-contact-form-align-default\">\n<div class=\"wpcf7 no-js\" id=\"wpcf7-f250-o1\" lang=\"es-MX\" dir=\"ltr\" data-wpcf7-id=\"250\">\n<div class=\"screen-reader-response\"><p role=\"status\" aria-live=\"polite\" aria-atomic=\"true\"><\/p> <ul><\/ul><\/div>\n<form action=\"\/index.php?rest_route=%2Fwp%2Fv2%2Fpages%2F10#wpcf7-f250-o1\" method=\"post\" class=\"wpcf7-form init\" aria-label=\"Formulario de contacto\" novalidate=\"novalidate\" data-status=\"init\">\n<fieldset class=\"hidden-fields-container\"><input type=\"hidden\" name=\"_wpcf7\" value=\"250\" \/><input type=\"hidden\" name=\"_wpcf7_version\" value=\"6.1.5\" \/><input type=\"hidden\" name=\"_wpcf7_locale\" value=\"es_MX\" \/><input type=\"hidden\" name=\"_wpcf7_unit_tag\" value=\"wpcf7-f250-o1\" \/><input type=\"hidden\" name=\"_wpcf7_container_post\" value=\"0\" \/><input type=\"hidden\" name=\"_wpcf7_posted_data_hash\" value=\"\" \/><input type=\"hidden\" name=\"_wpcf7_recaptcha_response\" value=\"\" \/>\n<\/fieldset>\n<p><label> Nombre<br \/>\n<span class=\"wpcf7-form-control-wrap\" data-name=\"your-name\"><input size=\"40\" maxlength=\"400\" class=\"wpcf7-form-control wpcf7-text wpcf7-validates-as-required\" aria-required=\"true\" aria-invalid=\"false\" value=\"\" type=\"text\" name=\"your-name\" \/><\/span> <\/label>\n<\/p>\n<p><label> Correo electr\u00f3nico<br \/>\n<span class=\"wpcf7-form-control-wrap\" data-name=\"your-email\"><input size=\"40\" maxlength=\"400\" class=\"wpcf7-form-control wpcf7-email wpcf7-validates-as-required wpcf7-text wpcf7-validates-as-email\" aria-required=\"true\" aria-invalid=\"false\" value=\"\" type=\"email\" name=\"your-email\" \/><\/span> <\/label>\n<\/p>\n<p><label> Mensaje<br \/>\n<span class=\"wpcf7-form-control-wrap\" data-name=\"your-message\"><textarea cols=\"40\" rows=\"10\" maxlength=\"2000\" class=\"wpcf7-form-control wpcf7-textarea\" aria-invalid=\"false\" name=\"your-message\"><\/textarea><\/span> <\/label>\n<\/p>\n<p><input class=\"wpcf7-form-control wpcf7-submit has-spinner\" type=\"submit\" value=\"Enviar\" \/>\n<\/p><div class=\"wpcf7-response-output\" aria-hidden=\"true\"><\/div>\n<\/form>\n<\/div>\n<\/div>\n            <\/div>\t\t\t\t<\/div>\n\t\t\t\t<\/div>\n\t\t\t\t\t<\/div>\n\t\t<\/div>\n\t\t\t\t\t<\/div>\n\t\t<\/section>\n\t\t\t\t<section class=\"elementor-section elementor-top-section elementor-element elementor-element-19ff577 elementor-section-content-middle elementor-section-full_width elementor-section-height-default elementor-section-height-default\" data-id=\"19ff577\" data-element_type=\"section\" data-settings=\"{&quot;background_background&quot;:&quot;classic&quot;}\">\n\t\t\t\t\t\t<div class=\"elementor-container elementor-column-gap-no\">\n\t\t\t\t\t<div class=\"elementor-column elementor-col-100 elementor-top-column elementor-element elementor-element-1a1fa02f\" data-id=\"1a1fa02f\" data-element_type=\"column\">\n\t\t\t<div class=\"elementor-widget-wrap elementor-element-populated\">\n\t\t\t\t\t\t<div class=\"elementor-element elementor-element-6326838 elementor-widget elementor-widget-heading\" data-id=\"6326838\" data-element_type=\"widget\" data-widget_type=\"heading.default\">\n\t\t\t\t<div class=\"elementor-widget-container\">\n\t\t\t\t\t<h5 class=\"elementor-heading-title elementor-size-default\">Contacto<\/h5>\t\t\t\t<\/div>\n\t\t\t\t<\/div>\n\t\t\t\t<div class=\"elementor-element elementor-element-44903b8d elementor-widget elementor-widget-heading\" data-id=\"44903b8d\" data-element_type=\"widget\" data-widget_type=\"heading.default\">\n\t\t\t\t<div class=\"elementor-widget-container\">\n\t\t\t\t\t<h6 class=\"elementor-heading-title elementor-size-default\"><a href=\"tel:+525528627015\">+52 (55) 28 62 70 15<\/a><\/h6>\t\t\t\t<\/div>\n\t\t\t\t<\/div>\n\t\t\t\t<div class=\"elementor-element elementor-element-75b58873 elementor-widget elementor-widget-google_maps\" data-id=\"75b58873\" data-element_type=\"widget\" data-widget_type=\"google_maps.default\">\n\t\t\t\t<div class=\"elementor-widget-container\">\n\t\t\t\t\t\t\t<div class=\"elementor-custom-embed\">\n\t\t\t<iframe loading=\"lazy\"\n\t\t\t\t\tsrc=\"https:\/\/maps.google.com\/maps?q=Av.%20Paseo%20de%20la%20Reforma%201110%2C%20Lomas%20de%20Chapultepec%20VI%20Secc.%2C%20Miguel%20Hidalgo%2C%2011000%20Ciudad%20de%20M%C3%A9xico%2C%20CDMX&#038;t=m&#038;z=17&#038;output=embed&#038;iwloc=near\"\n\t\t\t\t\ttitle=\"Av. Paseo de la Reforma 1110, Lomas de Chapultepec VI Secc., Miguel Hidalgo, 11000 Ciudad de M\u00e9xico, CDMX\"\n\t\t\t\t\taria-label=\"Av. Paseo de la Reforma 1110, Lomas de Chapultepec VI Secc., Miguel Hidalgo, 11000 Ciudad de M\u00e9xico, CDMX\"\n\t\t\t><\/iframe>\n\t\t<\/div>\n\t\t\t\t\t\t<\/div>\n\t\t\t\t<\/div>\n\t\t\t\t\t<\/div>\n\t\t<\/div>\n\t\t\t\t\t<\/div>\n\t\t<\/section>\n\t\t\t\t<\/div>\n\t\t","protected":false},"excerpt":{"rendered":"<p>Comun\u00edcate con nosotros \u00a1Ven a visitarnos! Nos encanta recibir a nuestra comunidad, as\u00ed que ven en cualquier momento durante las horas de servicio. Fundaci\u00f3n para la Investigaci\u00f3n y Educaci\u00f3n en Salud P\u00fablica A.C. Av. Paseo de la Reforma 1110, Lomas de Chapultepec VI Secc., Miguel Hidalgo, 11000 Ciudad de M\u00e9xico, CDMX Horario: Lunes a Viernes\u00a0 [&hellip;]<\/p>\n","protected":false},"author":1,"featured_media":0,"parent":0,"menu_order":0,"comment_status":"closed","ping_status":"closed","template":"elementor_header_footer","meta":{"footnotes":""},"class_list":["post-10","page","type-page","status-publish","hentry"],"yoast_head":"<!-- This site is optimized with the Yoast SEO plugin v27.2 - https:\/\/yoast.com\/product\/yoast-seo-wordpress\/ -->\n<title>Contacto - Fundaci\u00f3n para la Investigaci\u00f3n y Educaci\u00f3n en Salud P\u00fablica<\/title>\n<meta name=\"description\" content=\"Somos una asociaci\u00f3n civil sin fines de lucro, interesados en apoyar desde la sociedad civil a la investigaci\u00f3n cient\u00edfica y la educaci\u00f3n en la salud p\u00fablica\" \/>\n<meta name=\"robots\" content=\"index, follow, max-snippet:-1, max-image-preview:large, max-video-preview:-1\" \/>\n<link rel=\"canonical\" href=\"https:\/\/fiesp.org.mx\/?page_id=10\" \/>\n<meta property=\"og:locale\" content=\"es_MX\" \/>\n<meta property=\"og:type\" content=\"article\" \/>\n<meta property=\"og:title\" content=\"Contacto - Fundaci\u00f3n para la Investigaci\u00f3n y Educaci\u00f3n en Salud P\u00fablica\" \/>\n<meta property=\"og:description\" content=\"Somos una asociaci\u00f3n civil sin fines de lucro, interesados en apoyar desde la sociedad civil a la investigaci\u00f3n cient\u00edfica y la educaci\u00f3n en la salud p\u00fablica\" \/>\n<meta property=\"og:url\" content=\"https:\/\/fiesp.org.mx\/?page_id=10\" \/>\n<meta property=\"og:site_name\" content=\"Fundaci\u00f3n para la Investigaci\u00f3n y Educaci\u00f3n en Salud P\u00fablica\" \/>\n<meta property=\"article:publisher\" content=\"https:\/\/www.facebook.com\/info.fiesp\" \/>\n<meta property=\"article:modified_time\" content=\"2023-05-27T02:12:36+00:00\" \/>\n<meta property=\"og:image\" content=\"https:\/\/fiesp.org.mx\/wordpress\/wp-content\/uploads\/2021\/08\/LOGO_FIESP-ico.png\" \/>\n\t<meta property=\"og:image:width\" content=\"512\" \/>\n\t<meta property=\"og:image:height\" content=\"512\" \/>\n\t<meta property=\"og:image:type\" content=\"image\/png\" \/>\n<meta name=\"twitter:card\" content=\"summary_large_image\" \/>\n<meta name=\"twitter:site\" content=\"@fiesp_info\" \/>\n<script type=\"application\/ld+json\" class=\"yoast-schema-graph\">{\"@context\":\"https:\/\/schema.org\",\"@graph\":[{\"@type\":\"WebPage\",\"@id\":\"https:\/\/fiesp.org.mx\/?page_id=10\",\"url\":\"https:\/\/fiesp.org.mx\/?page_id=10\",\"name\":\"Contacto - Fundaci\u00f3n para la Investigaci\u00f3n y Educaci\u00f3n en Salud P\u00fablica\",\"isPartOf\":{\"@id\":\"https:\/\/fiesp.org.mx\/#website\"},\"datePublished\":\"2021-01-08T18:40:06+00:00\",\"dateModified\":\"2023-05-27T02:12:36+00:00\",\"description\":\"Somos una asociaci\u00f3n civil sin fines de lucro, interesados en apoyar desde la sociedad civil a la investigaci\u00f3n cient\u00edfica y la educaci\u00f3n en la salud p\u00fablica\",\"breadcrumb\":{\"@id\":\"https:\/\/fiesp.org.mx\/?page_id=10#breadcrumb\"},\"inLanguage\":\"es\",\"potentialAction\":[{\"@type\":\"ReadAction\",\"target\":[\"https:\/\/fiesp.org.mx\/?page_id=10\"]}]},{\"@type\":\"BreadcrumbList\",\"@id\":\"https:\/\/fiesp.org.mx\/?page_id=10#breadcrumb\",\"itemListElement\":[{\"@type\":\"ListItem\",\"position\":1,\"name\":\"Inicio\",\"item\":\"https:\/\/fiesp.org.mx\/\"},{\"@type\":\"ListItem\",\"position\":2,\"name\":\"Contacto\"}]},{\"@type\":\"WebSite\",\"@id\":\"https:\/\/fiesp.org.mx\/#website\",\"url\":\"https:\/\/fiesp.org.mx\/\",\"name\":\"Fundaci\u00f3n para la Investigaci\u00f3n y Educaci\u00f3n en Salud P\u00fablica\",\"description\":\"\",\"publisher\":{\"@id\":\"https:\/\/fiesp.org.mx\/#organization\"},\"alternateName\":\"FIESP\",\"potentialAction\":[{\"@type\":\"SearchAction\",\"target\":{\"@type\":\"EntryPoint\",\"urlTemplate\":\"https:\/\/fiesp.org.mx\/?s={search_term_string}\"},\"query-input\":{\"@type\":\"PropertyValueSpecification\",\"valueRequired\":true,\"valueName\":\"search_term_string\"}}],\"inLanguage\":\"es\"},{\"@type\":\"Organization\",\"@id\":\"https:\/\/fiesp.org.mx\/#organization\",\"name\":\"Fundaci\u00f3n para la Investigaci\u00f3n y Educaci\u00f3n en Salud P\u00fablica\",\"alternateName\":\"FIESP\",\"url\":\"https:\/\/fiesp.org.mx\/\",\"logo\":{\"@type\":\"ImageObject\",\"inLanguage\":\"es\",\"@id\":\"https:\/\/fiesp.org.mx\/#\/schema\/logo\/image\/\",\"url\":\"https:\/\/fiesp.org.mx\/wordpress\/wp-content\/uploads\/2021\/08\/cropped-cropped-LOGO_FIESP-Completo_H.png\",\"contentUrl\":\"https:\/\/fiesp.org.mx\/wordpress\/wp-content\/uploads\/2021\/08\/cropped-cropped-LOGO_FIESP-Completo_H.png\",\"width\":1461,\"height\":472,\"caption\":\"Fundaci\u00f3n para la Investigaci\u00f3n y Educaci\u00f3n en Salud P\u00fablica\"},\"image\":{\"@id\":\"https:\/\/fiesp.org.mx\/#\/schema\/logo\/image\/\"},\"sameAs\":[\"https:\/\/www.facebook.com\/info.fiesp\",\"https:\/\/x.com\/fiesp_info\",\"https:\/\/www.instagram.com\/fiesp_info\/\"]}]}<\/script>\n<!-- \/ Yoast SEO plugin. -->","yoast_head_json":{"title":"Contacto - Fundaci\u00f3n para la Investigaci\u00f3n y Educaci\u00f3n en Salud P\u00fablica","description":"Somos una asociaci\u00f3n civil sin fines de lucro, interesados en apoyar desde la sociedad civil a la investigaci\u00f3n cient\u00edfica y la educaci\u00f3n en la salud p\u00fablica","robots":{"index":"index","follow":"follow","max-snippet":"max-snippet:-1","max-image-preview":"max-image-preview:large","max-video-preview":"max-video-preview:-1"},"canonical":"https:\/\/fiesp.org.mx\/?page_id=10","og_locale":"es_MX","og_type":"article","og_title":"Contacto - Fundaci\u00f3n para la Investigaci\u00f3n y Educaci\u00f3n en Salud P\u00fablica","og_description":"Somos una asociaci\u00f3n civil sin fines de lucro, interesados en apoyar desde la sociedad civil a la investigaci\u00f3n cient\u00edfica y la educaci\u00f3n en la salud p\u00fablica","og_url":"https:\/\/fiesp.org.mx\/?page_id=10","og_site_name":"Fundaci\u00f3n para la Investigaci\u00f3n y Educaci\u00f3n en Salud P\u00fablica","article_publisher":"https:\/\/www.facebook.com\/info.fiesp","article_modified_time":"2023-05-27T02:12:36+00:00","og_image":[{"width":512,"height":512,"url":"https:\/\/fiesp.org.mx\/wordpress\/wp-content\/uploads\/2021\/08\/LOGO_FIESP-ico.png","type":"image\/png"}],"twitter_card":"summary_large_image","twitter_site":"@fiesp_info","schema":{"@context":"https:\/\/schema.org","@graph":[{"@type":"WebPage","@id":"https:\/\/fiesp.org.mx\/?page_id=10","url":"https:\/\/fiesp.org.mx\/?page_id=10","name":"Contacto - Fundaci\u00f3n para la Investigaci\u00f3n y Educaci\u00f3n en Salud P\u00fablica","isPartOf":{"@id":"https:\/\/fiesp.org.mx\/#website"},"datePublished":"2021-01-08T18:40:06+00:00","dateModified":"2023-05-27T02:12:36+00:00","description":"Somos una asociaci\u00f3n civil sin fines de lucro, interesados en apoyar desde la sociedad civil a la investigaci\u00f3n cient\u00edfica y la educaci\u00f3n en la salud p\u00fablica","breadcrumb":{"@id":"https:\/\/fiesp.org.mx\/?page_id=10#breadcrumb"},"inLanguage":"es","potentialAction":[{"@type":"ReadAction","target":["https:\/\/fiesp.org.mx\/?page_id=10"]}]},{"@type":"BreadcrumbList","@id":"https:\/\/fiesp.org.mx\/?page_id=10#breadcrumb","itemListElement":[{"@type":"ListItem","position":1,"name":"Inicio","item":"https:\/\/fiesp.org.mx\/"},{"@type":"ListItem","position":2,"name":"Contacto"}]},{"@type":"WebSite","@id":"https:\/\/fiesp.org.mx\/#website","url":"https:\/\/fiesp.org.mx\/","name":"Fundaci\u00f3n para la Investigaci\u00f3n y Educaci\u00f3n en Salud P\u00fablica","description":"","publisher":{"@id":"https:\/\/fiesp.org.mx\/#organization"},"alternateName":"FIESP","potentialAction":[{"@type":"SearchAction","target":{"@type":"EntryPoint","urlTemplate":"https:\/\/fiesp.org.mx\/?s={search_term_string}"},"query-input":{"@type":"PropertyValueSpecification","valueRequired":true,"valueName":"search_term_string"}}],"inLanguage":"es"},{"@type":"Organization","@id":"https:\/\/fiesp.org.mx\/#organization","name":"Fundaci\u00f3n para la Investigaci\u00f3n y Educaci\u00f3n en Salud P\u00fablica","alternateName":"FIESP","url":"https:\/\/fiesp.org.mx\/","logo":{"@type":"ImageObject","inLanguage":"es","@id":"https:\/\/fiesp.org.mx\/#\/schema\/logo\/image\/","url":"https:\/\/fiesp.org.mx\/wordpress\/wp-content\/uploads\/2021\/08\/cropped-cropped-LOGO_FIESP-Completo_H.png","contentUrl":"https:\/\/fiesp.org.mx\/wordpress\/wp-content\/uploads\/2021\/08\/cropped-cropped-LOGO_FIESP-Completo_H.png","width":1461,"height":472,"caption":"Fundaci\u00f3n para la Investigaci\u00f3n y Educaci\u00f3n en Salud P\u00fablica"},"image":{"@id":"https:\/\/fiesp.org.mx\/#\/schema\/logo\/image\/"},"sameAs":["https:\/\/www.facebook.com\/info.fiesp","https:\/\/x.com\/fiesp_info","https:\/\/www.instagram.com\/fiesp_info\/"]}]}},"_links":{"self":[{"href":"https:\/\/fiesp.org.mx\/index.php?rest_route=\/wp\/v2\/pages\/10","targetHints":{"allow":["GET"]}}],"collection":[{"href":"https:\/\/fiesp.org.mx\/index.php?rest_route=\/wp\/v2\/pages"}],"about":[{"href":"https:\/\/fiesp.org.mx\/index.php?rest_route=\/wp\/v2\/types\/page"}],"author":[{"embeddable":true,"href":"https:\/\/fiesp.org.mx\/index.php?rest_route=\/wp\/v2\/users\/1"}],"replies":[{"embeddable":true,"href":"https:\/\/fiesp.org.mx\/index.php?rest_route=%2Fwp%2Fv2%2Fcomments&post=10"}],"version-history":[{"count":143,"href":"https:\/\/fiesp.org.mx\/index.php?rest_route=\/wp\/v2\/pages\/10\/revisions"}],"predecessor-version":[{"id":1499,"href":"https:\/\/fiesp.org.mx\/index.php?rest_route=\/wp\/v2\/pages\/10\/revisions\/1499"}],"wp:attachment":[{"href":"https:\/\/fiesp.org.mx\/index.php?rest_route=%2Fwp%2Fv2%2Fmedia&parent=10"}],"curies":[{"name":"wp","href":"https:\/\/api.w.org\/{rel}","templated":true}]}}